{"id":5,"date":"2022-04-11T11:29:37","date_gmt":"2022-04-11T11:29:37","guid":{"rendered":"https:\/\/blancaynacho.com\/?page_id=5"},"modified":"2022-05-29T20:17:51","modified_gmt":"2022-05-29T20:17:51","slug":"dia-b","status":"publish","type":"page","link":"https:\/\/blancaynacho.com\/","title":{"rendered":"INICIO"},"content":{"rendered":"<style>\/*! elementor - v3.6.5 - 27-04-2022 *\/\n.elementor-widget-image{text-align:center}.elementor-widget-image a{display:inline-block}.elementor-widget-image a img[src$=\".svg\"]{width:48px}.elementor-widget-image img{vertical-align:middle;display:inline-block}<\/style>\n<p>\t\t\t\t\t\t\t\t\t\t\t\t<img decoding=\"async\" width=\"730\" height=\"487\" src=\"https:\/\/blancaynacho.com\/wp-content\/uploads\/2022\/05\/22016-SELECCIO-PREBODA-004-1024x683.jpg\" alt=\"\" loading=\"lazy\" srcset=\"https:\/\/blancaynacho.com\/wp-content\/uploads\/2022\/05\/22016-SELECCIO-PREBODA-004-1024x683.jpg 1024w, https:\/\/blancaynacho.com\/wp-content\/uploads\/2022\/05\/22016-SELECCIO-PREBODA-004-300x200.jpg 300w, https:\/\/blancaynacho.com\/wp-content\/uploads\/2022\/05\/22016-SELECCIO-PREBODA-004-768x512.jpg 768w, https:\/\/blancaynacho.com\/wp-content\/uploads\/2022\/05\/22016-SELECCIO-PREBODA-004-1536x1024.jpg 1536w, https:\/\/blancaynacho.com\/wp-content\/uploads\/2022\/05\/22016-SELECCIO-PREBODA-004-2048x1365.jpg 2048w\" sizes=\"(max-width: 730px) 100vw, 730px\" \/>\t\t\t\t\t\t\t\t\t\t\t\t\t\t\t<\/p>\n<p>Si has entrado en esta web, antes que nada, \u00a1Gracias!<strong>,<\/strong> estamos muy contentos de tenerte en nuestro d\u00eda.<\/p>\n<p>Despu\u00e9s de mil aventuras juntos&#8230;\u00a1la boda ya est\u00e1 aqu\u00ed!<strong> <\/strong>Tenemos muchas ganas de celebrarla con todos vosotros, es por ello que en esta web os facilitamos algo de informaci\u00f3n sobre diferentes temas.<\/p>\n<p>Si ten\u00e9is cualquier duda, consulta, recomendaci\u00f3n&#8230; aqu\u00ed os recordamos nuestros tel\u00e9fonos y emails:<\/p>\n<ul><\/ul>\n<p>Nacho 619 142 601 (nacho.fernandez.lopez@gmail.com)<\/p>\n<p>Blanca 618 430 135 (bboncompte@gmail.com)<\/p>\n<style>\/*! elementor - v3.6.5 - 27-04-2022 *\/\n.elementor-heading-title{padding:0;margin:0;line-height:1}.elementor-widget-heading .elementor-heading-title[class*=elementor-size-]>a{color:inherit;font-size:inherit;line-height:inherit}.elementor-widget-heading .elementor-heading-title.elementor-size-small{font-size:15px}.elementor-widget-heading .elementor-heading-title.elementor-size-medium{font-size:19px}.elementor-widget-heading .elementor-heading-title.elementor-size-large{font-size:29px}.elementor-widget-heading .elementor-heading-title.elementor-size-xl{font-size:39px}.elementor-widget-heading .elementor-heading-title.elementor-size-xxl{font-size:59px}<\/style>\n<h2>\u00a1Nos vemos muy pronto!<\/h2>\n","protected":false},"excerpt":{"rendered":"<p>Si has entrado en esta web, antes que nada, \u00a1Gracias!, estamos muy contentos de tenerte en nuestro d\u00eda. Despu\u00e9s de mil aventuras juntos&#8230;\u00a1la boda ya est\u00e1 aqu\u00ed! Tenemos muchas ganas de celebrarla con todos vosotros, es por ello que en esta web os facilitamos algo de informaci\u00f3n sobre diferentes temas. Si ten\u00e9is cualquier duda, consulta, <a class=\"more-link\" href=\"https:\/\/blancaynacho.com\/\">Seguir leyendo <i class=\"fa fa-chevron-right\"><\/i><\/a><\/p>\n","protected":false},"author":1,"featured_media":0,"parent":0,"menu_order":0,"comment_status":"closed","ping_status":"closed","template":"","meta":[],"_links":{"self":[{"href":"https:\/\/blancaynacho.com\/index.php?rest_route=\/wp\/v2\/pages\/5"}],"collection":[{"href":"https:\/\/blancaynacho.com\/index.php?rest_route=\/wp\/v2\/pages"}],"about":[{"href":"https:\/\/blancaynacho.com\/index.php?rest_route=\/wp\/v2\/types\/page"}],"author":[{"embeddable":true,"href":"https:\/\/blancaynacho.com\/index.php?rest_route=\/wp\/v2\/users\/1"}],"replies":[{"embeddable":true,"href":"https:\/\/blancaynacho.com\/index.php?rest_route=%2Fwp%2Fv2%2Fcomments&post=5"}],"version-history":[{"count":88,"href":"https:\/\/blancaynacho.com\/index.php?rest_route=\/wp\/v2\/pages\/5\/revisions"}],"predecessor-version":[{"id":712,"href":"https:\/\/blancaynacho.com\/index.php?rest_route=\/wp\/v2\/pages\/5\/revisions\/712"}],"wp:attachment":[{"href":"https:\/\/blancaynacho.com\/index.php?rest_route=%2Fwp%2Fv2%2Fmedia&parent=5"}],"curies":[{"name":"wp","href":"https:\/\/api.w.org\/{rel}","templated":true}]}}